{"id":15,"date":"2021-08-23T15:59:44","date_gmt":"2021-08-23T13:59:44","guid":{"rendered":"https:\/\/www.jt-krankenhausplanung.de\/?page_id=15"},"modified":"2023-02-10T15:23:19","modified_gmt":"2023-02-10T14:23:19","slug":"willkommen","status":"publish","type":"page","link":"https:\/\/www.jt-krankenhausplanung.de\/","title":{"rendered":"Willkommen"},"content":{"rendered":"\n<p class=\"has-text-align-center has-medium-font-size\">Herzlich Willkommen auf der Internetseite der JTKP &#8211; Dipl.-Ing. J\u00fcrgen Thieme, <br>Ihrem B\u00fcro f\u00fcr alle Fragen rund um die Einrichtungsplanung im Gesundheitswesen <br>sowie der Fachplanung f\u00fcr Medizin- und Labortechnik.<\/p>\n\n\n\n<hr class=\"wp-block-separator has-css-opacity is-style-dots\"\/>\n\n\n\n<p class=\"has-text-align-center has-medium-font-size\">Wir sind ein ingenieur-gef\u00fchrtes B\u00fcro, das sich auf die spezifischen Fragestellungen der Einirichtungsplanung rund um das Gesundheitswesen spezialisiert hat. <\/p>\n\n\n\n<p class=\"has-text-align-center has-medium-font-size\">Wir betreuen alle Fachbereiche innerhalb der Gesundheitsversorgung und den Funktionsbereichen der Apotheke, Labor- und Pathologie. <\/p>\n\n\n\n<hr class=\"wp-block-separator has-alpha-channel-opacity is-style-dots\"\/>\n\n\n\n<p class=\"has-text-align-center has-medium-font-size\">Wir stehen Ihnen mit unserem Team aus erfahrenen Projektingenieuren f\u00fcr alle Phasen der Projektentwicklung, -vorbereitung und Umsetzung gerne zur Verf\u00fcgung.<\/p>\n\n\n\n<hr class=\"wp-block-separator has-alpha-channel-opacity\"\/>\n\n\n\n<h3 class=\"has-text-align-center wp-block-heading\">Projektbeispiele der JTKP<\/h3>\n\n\n\n<figure class=\"wp-block-gallery has-nested-images columns-default is-cropped wp-block-gallery-1 is-layout-flex wp-block-gallery-is-layout-flex\">\n<figure class=\"wp-block-image size-large\"><img loading=\"lazy\" decoding=\"async\" width=\"990\" height=\"353\" data-id=\"63\" src=\"https:\/\/www.jt-krankenhausplanung.de\/wp-content\/uploads\/2021\/08\/ABW-LZB-ATS-Bettenzimmer_990px355-1.jpg\" alt=\"\" class=\"wp-image-63\" srcset=\"https:\/\/www.jt-krankenhausplanung.de\/wp-content\/uploads\/2021\/08\/ABW-LZB-ATS-Bettenzimmer_990px355-1.jpg 990w, https:\/\/www.jt-krankenhausplanung.de\/wp-content\/uploads\/2021\/08\/ABW-LZB-ATS-Bettenzimmer_990px355-1-300x107.jpg 300w, https:\/\/www.jt-krankenhausplanung.de\/wp-content\/uploads\/2021\/08\/ABW-LZB-ATS-Bettenzimmer_990px355-1-768x274.jpg 768w\" sizes=\"auto, (max-width: 990px) 100vw, 990px\" \/><\/figure>\n\n\n\n<figure class=\"wp-block-image size-large\"><img loading=\"lazy\" decoding=\"async\" width=\"990\" height=\"409\" data-id=\"64\" src=\"https:\/\/www.jt-krankenhausplanung.de\/wp-content\/uploads\/2021\/08\/CKL-LINAC990px409.jpg\" alt=\"\" class=\"wp-image-64\" srcset=\"https:\/\/www.jt-krankenhausplanung.de\/wp-content\/uploads\/2021\/08\/CKL-LINAC990px409.jpg 990w, https:\/\/www.jt-krankenhausplanung.de\/wp-content\/uploads\/2021\/08\/CKL-LINAC990px409-300x124.jpg 300w, https:\/\/www.jt-krankenhausplanung.de\/wp-content\/uploads\/2021\/08\/CKL-LINAC990px409-768x317.jpg 768w\" sizes=\"auto, (max-width: 990px) 100vw, 990px\" \/><\/figure>\n\n\n\n<figure class=\"wp-block-image size-large\"><img loading=\"lazy\" decoding=\"async\" width=\"990\" height=\"409\" data-id=\"65\" src=\"https:\/\/www.jt-krankenhausplanung.de\/wp-content\/uploads\/2021\/08\/DRK-ZOP-Sterilgutlager_990px409.jpg\" alt=\"\" class=\"wp-image-65\" srcset=\"https:\/\/www.jt-krankenhausplanung.de\/wp-content\/uploads\/2021\/08\/DRK-ZOP-Sterilgutlager_990px409.jpg 990w, https:\/\/www.jt-krankenhausplanung.de\/wp-content\/uploads\/2021\/08\/DRK-ZOP-Sterilgutlager_990px409-300x124.jpg 300w, https:\/\/www.jt-krankenhausplanung.de\/wp-content\/uploads\/2021\/08\/DRK-ZOP-Sterilgutlager_990px409-768x317.jpg 768w\" sizes=\"auto, (max-width: 990px) 100vw, 990px\" \/><\/figure>\n\n\n\n<figure class=\"wp-block-image size-large\"><img loading=\"lazy\" decoding=\"async\" width=\"989\" height=\"644\" data-id=\"66\" src=\"https:\/\/www.jt-krankenhausplanung.de\/wp-content\/uploads\/2021\/08\/KKB-Einleitung_990px740.jpg\" alt=\"\" class=\"wp-image-66\" srcset=\"https:\/\/www.jt-krankenhausplanung.de\/wp-content\/uploads\/2021\/08\/KKB-Einleitung_990px740.jpg 989w, https:\/\/www.jt-krankenhausplanung.de\/wp-content\/uploads\/2021\/08\/KKB-Einleitung_990px740-300x195.jpg 300w, https:\/\/www.jt-krankenhausplanung.de\/wp-content\/uploads\/2021\/08\/KKB-Einleitung_990px740-768x500.jpg 768w\" sizes=\"auto, (max-width: 989px) 100vw, 989px\" \/><\/figure>\n\n\n\n<figure class=\"wp-block-image size-large\"><img loading=\"lazy\" decoding=\"async\" width=\"990\" height=\"409\" data-id=\"67\" src=\"https:\/\/www.jt-krankenhausplanung.de\/wp-content\/uploads\/2021\/08\/KKB-OP-990px409.jpg\" alt=\"\" class=\"wp-image-67\" srcset=\"https:\/\/www.jt-krankenhausplanung.de\/wp-content\/uploads\/2021\/08\/KKB-OP-990px409.jpg 990w, https:\/\/www.jt-krankenhausplanung.de\/wp-content\/uploads\/2021\/08\/KKB-OP-990px409-300x124.jpg 300w, https:\/\/www.jt-krankenhausplanung.de\/wp-content\/uploads\/2021\/08\/KKB-OP-990px409-768x317.jpg 768w\" sizes=\"auto, (max-width: 990px) 100vw, 990px\" \/><\/figure>\n\n\n\n<figure class=\"wp-block-image size-large\"><img loading=\"lazy\" decoding=\"async\" width=\"800\" height=\"534\" data-id=\"68\" src=\"https:\/\/www.jt-krankenhausplanung.de\/wp-content\/uploads\/2021\/08\/ko_hybrid_op_2011.jpg\" alt=\"\" class=\"wp-image-68\" srcset=\"https:\/\/www.jt-krankenhausplanung.de\/wp-content\/uploads\/2021\/08\/ko_hybrid_op_2011.jpg 800w, https:\/\/www.jt-krankenhausplanung.de\/wp-content\/uploads\/2021\/08\/ko_hybrid_op_2011-300x200.jpg 300w, https:\/\/www.jt-krankenhausplanung.de\/wp-content\/uploads\/2021\/08\/ko_hybrid_op_2011-768x513.jpg 768w\" sizes=\"auto, (max-width: 800px) 100vw, 800px\" \/><\/figure>\n\n\n\n<figure class=\"wp-block-image size-large\"><img loading=\"lazy\" decoding=\"async\" width=\"990\" height=\"409\" data-id=\"69\" src=\"https:\/\/www.jt-krankenhausplanung.de\/wp-content\/uploads\/2021\/08\/MLK-OP-990px409.jpg\" alt=\"\" class=\"wp-image-69\" srcset=\"https:\/\/www.jt-krankenhausplanung.de\/wp-content\/uploads\/2021\/08\/MLK-OP-990px409.jpg 990w, https:\/\/www.jt-krankenhausplanung.de\/wp-content\/uploads\/2021\/08\/MLK-OP-990px409-300x124.jpg 300w, https:\/\/www.jt-krankenhausplanung.de\/wp-content\/uploads\/2021\/08\/MLK-OP-990px409-768x317.jpg 768w\" sizes=\"auto, (max-width: 990px) 100vw, 990px\" \/><\/figure>\n\n\n\n<figure class=\"wp-block-image size-large\"><img loading=\"lazy\" decoding=\"async\" width=\"990\" height=\"409\" data-id=\"70\" src=\"https:\/\/www.jt-krankenhausplanung.de\/wp-content\/uploads\/2021\/08\/SJK_Storz_Bildreihe_990px409-1.jpg\" alt=\"\" class=\"wp-image-70\" srcset=\"https:\/\/www.jt-krankenhausplanung.de\/wp-content\/uploads\/2021\/08\/SJK_Storz_Bildreihe_990px409-1.jpg 990w, https:\/\/www.jt-krankenhausplanung.de\/wp-content\/uploads\/2021\/08\/SJK_Storz_Bildreihe_990px409-1-300x124.jpg 300w, https:\/\/www.jt-krankenhausplanung.de\/wp-content\/uploads\/2021\/08\/SJK_Storz_Bildreihe_990px409-1-768x317.jpg 768w\" sizes=\"auto, (max-width: 990px) 100vw, 990px\" \/><\/figure>\n\n\n\n<figure class=\"wp-block-image size-large\"><img loading=\"lazy\" decoding=\"async\" width=\"990\" height=\"409\" data-id=\"71\" src=\"https:\/\/www.jt-krankenhausplanung.de\/wp-content\/uploads\/2021\/08\/SJK-OP-Flur990px409px.jpg\" alt=\"\" class=\"wp-image-71\" srcset=\"https:\/\/www.jt-krankenhausplanung.de\/wp-content\/uploads\/2021\/08\/SJK-OP-Flur990px409px.jpg 990w, https:\/\/www.jt-krankenhausplanung.de\/wp-content\/uploads\/2021\/08\/SJK-OP-Flur990px409px-300x124.jpg 300w, https:\/\/www.jt-krankenhausplanung.de\/wp-content\/uploads\/2021\/08\/SJK-OP-Flur990px409px-768x317.jpg 768w\" sizes=\"auto, (max-width: 990px) 100vw, 990px\" \/><\/figure>\n\n\n\n<figure class=\"wp-block-image size-large\"><img loading=\"lazy\" decoding=\"async\" width=\"990\" height=\"409\" data-id=\"72\" src=\"https:\/\/www.jt-krankenhausplanung.de\/wp-content\/uploads\/2021\/08\/SJK-OP-Saal_990px409-1.jpg\" alt=\"\" class=\"wp-image-72\" srcset=\"https:\/\/www.jt-krankenhausplanung.de\/wp-content\/uploads\/2021\/08\/SJK-OP-Saal_990px409-1.jpg 990w, https:\/\/www.jt-krankenhausplanung.de\/wp-content\/uploads\/2021\/08\/SJK-OP-Saal_990px409-1-300x124.jpg 300w, https:\/\/www.jt-krankenhausplanung.de\/wp-content\/uploads\/2021\/08\/SJK-OP-Saal_990px409-1-768x317.jpg 768w\" sizes=\"auto, (max-width: 990px) 100vw, 990px\" \/><\/figure>\n\n\n\n<figure class=\"wp-block-image size-large\"><img loading=\"lazy\" decoding=\"async\" width=\"990\" height=\"409\" data-id=\"73\" src=\"https:\/\/www.jt-krankenhausplanung.de\/wp-content\/uploads\/2021\/08\/STH-FKT-Endoskopie.jpg\" alt=\"\" class=\"wp-image-73\" srcset=\"https:\/\/www.jt-krankenhausplanung.de\/wp-content\/uploads\/2021\/08\/STH-FKT-Endoskopie.jpg 990w, https:\/\/www.jt-krankenhausplanung.de\/wp-content\/uploads\/2021\/08\/STH-FKT-Endoskopie-300x124.jpg 300w, https:\/\/www.jt-krankenhausplanung.de\/wp-content\/uploads\/2021\/08\/STH-FKT-Endoskopie-768x317.jpg 768w\" sizes=\"auto, (max-width: 990px) 100vw, 990px\" \/><\/figure>\n\n\n\n<figure class=\"wp-block-image size-large\"><img loading=\"lazy\" decoding=\"async\" width=\"990\" height=\"440\" data-id=\"74\" src=\"https:\/\/www.jt-krankenhausplanung.de\/wp-content\/uploads\/2021\/08\/TUB-II-Labormoebel_990px409-1.jpg\" alt=\"\" class=\"wp-image-74\" srcset=\"https:\/\/www.jt-krankenhausplanung.de\/wp-content\/uploads\/2021\/08\/TUB-II-Labormoebel_990px409-1.jpg 990w, https:\/\/www.jt-krankenhausplanung.de\/wp-content\/uploads\/2021\/08\/TUB-II-Labormoebel_990px409-1-300x133.jpg 300w, https:\/\/www.jt-krankenhausplanung.de\/wp-content\/uploads\/2021\/08\/TUB-II-Labormoebel_990px409-1-768x341.jpg 768w\" sizes=\"auto, (max-width: 990px) 100vw, 990px\" \/><\/figure>\n\n\n\n<figure class=\"wp-block-image size-large\"><img loading=\"lazy\" decoding=\"async\" width=\"1440\" height=\"960\" data-id=\"124\" src=\"https:\/\/www.jt-krankenhausplanung.de\/wp-content\/uploads\/2022\/03\/IMG_3753_Uksh-Linearbeschleuniger_K.jpg\" alt=\"\" class=\"wp-image-124\" srcset=\"https:\/\/www.jt-krankenhausplanung.de\/wp-content\/uploads\/2022\/03\/IMG_3753_Uksh-Linearbeschleuniger_K.jpg 1440w, https:\/\/www.jt-krankenhausplanung.de\/wp-content\/uploads\/2022\/03\/IMG_3753_Uksh-Linearbeschleuniger_K-300x200.jpg 300w, https:\/\/www.jt-krankenhausplanung.de\/wp-content\/uploads\/2022\/03\/IMG_3753_Uksh-Linearbeschleuniger_K-1024x683.jpg 1024w, https:\/\/www.jt-krankenhausplanung.de\/wp-content\/uploads\/2022\/03\/IMG_3753_Uksh-Linearbeschleuniger_K-768x512.jpg 768w\" sizes=\"auto, (max-width: 1440px) 100vw, 1440px\" \/><\/figure>\n\n\n\n<figure class=\"wp-block-image size-large\"><img loading=\"lazy\" decoding=\"async\" width=\"2560\" height=\"1152\" data-id=\"125\" src=\"https:\/\/www.jt-krankenhausplanung.de\/wp-content\/uploads\/2022\/03\/20220215_113834-scaled.jpg\" alt=\"\" class=\"wp-image-125\" srcset=\"https:\/\/www.jt-krankenhausplanung.de\/wp-content\/uploads\/2022\/03\/20220215_113834-scaled.jpg 2560w, https:\/\/www.jt-krankenhausplanung.de\/wp-content\/uploads\/2022\/03\/20220215_113834-300x135.jpg 300w, https:\/\/www.jt-krankenhausplanung.de\/wp-content\/uploads\/2022\/03\/20220215_113834-1024x461.jpg 1024w, https:\/\/www.jt-krankenhausplanung.de\/wp-content\/uploads\/2022\/03\/20220215_113834-768x346.jpg 768w, https:\/\/www.jt-krankenhausplanung.de\/wp-content\/uploads\/2022\/03\/20220215_113834-1536x691.jpg 1536w, https:\/\/www.jt-krankenhausplanung.de\/wp-content\/uploads\/2022\/03\/20220215_113834-2048x922.jpg 2048w, https:\/\/www.jt-krankenhausplanung.de\/wp-content\/uploads\/2022\/03\/20220215_113834-1568x706.jpg 1568w\" sizes=\"auto, (max-width: 2560px) 100vw, 2560px\" \/><\/figure>\n\n\n\n<figure class=\"wp-block-image size-large\"><img loading=\"lazy\" decoding=\"async\" width=\"2560\" height=\"1151\" data-id=\"126\" src=\"https:\/\/www.jt-krankenhausplanung.de\/wp-content\/uploads\/2022\/03\/20220215_115509-scaled.jpg\" alt=\"\" class=\"wp-image-126\" srcset=\"https:\/\/www.jt-krankenhausplanung.de\/wp-content\/uploads\/2022\/03\/20220215_115509-scaled.jpg 2560w, https:\/\/www.jt-krankenhausplanung.de\/wp-content\/uploads\/2022\/03\/20220215_115509-300x135.jpg 300w, https:\/\/www.jt-krankenhausplanung.de\/wp-content\/uploads\/2022\/03\/20220215_115509-1024x461.jpg 1024w, https:\/\/www.jt-krankenhausplanung.de\/wp-content\/uploads\/2022\/03\/20220215_115509-768x345.jpg 768w, https:\/\/www.jt-krankenhausplanung.de\/wp-content\/uploads\/2022\/03\/20220215_115509-1536x691.jpg 1536w, https:\/\/www.jt-krankenhausplanung.de\/wp-content\/uploads\/2022\/03\/20220215_115509-2048x921.jpg 2048w, https:\/\/www.jt-krankenhausplanung.de\/wp-content\/uploads\/2022\/03\/20220215_115509-1568x705.jpg 1568w\" sizes=\"auto, (max-width: 2560px) 100vw, 2560px\" \/><\/figure>\n\n\n\n<figure class=\"wp-block-image size-large\"><img loading=\"lazy\" decoding=\"async\" width=\"2560\" height=\"1151\" data-id=\"127\" src=\"https:\/\/www.jt-krankenhausplanung.de\/wp-content\/uploads\/2022\/03\/20220215_113917-scaled.jpg\" alt=\"\" class=\"wp-image-127\" srcset=\"https:\/\/www.jt-krankenhausplanung.de\/wp-content\/uploads\/2022\/03\/20220215_113917-scaled.jpg 2560w, https:\/\/www.jt-krankenhausplanung.de\/wp-content\/uploads\/2022\/03\/20220215_113917-300x135.jpg 300w, https:\/\/www.jt-krankenhausplanung.de\/wp-content\/uploads\/2022\/03\/20220215_113917-1024x461.jpg 1024w, https:\/\/www.jt-krankenhausplanung.de\/wp-content\/uploads\/2022\/03\/20220215_113917-768x345.jpg 768w, https:\/\/www.jt-krankenhausplanung.de\/wp-content\/uploads\/2022\/03\/20220215_113917-1536x691.jpg 1536w, https:\/\/www.jt-krankenhausplanung.de\/wp-content\/uploads\/2022\/03\/20220215_113917-2048x921.jpg 2048w, https:\/\/www.jt-krankenhausplanung.de\/wp-content\/uploads\/2022\/03\/20220215_113917-1568x705.jpg 1568w\" sizes=\"auto, (max-width: 2560px) 100vw, 2560px\" \/><\/figure>\n\n\n\n<figure class=\"wp-block-image size-large\"><img loading=\"lazy\" decoding=\"async\" width=\"2560\" height=\"1151\" data-id=\"128\" src=\"https:\/\/www.jt-krankenhausplanung.de\/wp-content\/uploads\/2022\/03\/20210722_131223-scaled.jpg\" alt=\"\" class=\"wp-image-128\" srcset=\"https:\/\/www.jt-krankenhausplanung.de\/wp-content\/uploads\/2022\/03\/20210722_131223-scaled.jpg 2560w, https:\/\/www.jt-krankenhausplanung.de\/wp-content\/uploads\/2022\/03\/20210722_131223-300x135.jpg 300w, https:\/\/www.jt-krankenhausplanung.de\/wp-content\/uploads\/2022\/03\/20210722_131223-1024x461.jpg 1024w, https:\/\/www.jt-krankenhausplanung.de\/wp-content\/uploads\/2022\/03\/20210722_131223-768x345.jpg 768w, https:\/\/www.jt-krankenhausplanung.de\/wp-content\/uploads\/2022\/03\/20210722_131223-1536x691.jpg 1536w, https:\/\/www.jt-krankenhausplanung.de\/wp-content\/uploads\/2022\/03\/20210722_131223-2048x921.jpg 2048w, https:\/\/www.jt-krankenhausplanung.de\/wp-content\/uploads\/2022\/03\/20210722_131223-1568x705.jpg 1568w\" sizes=\"auto, (max-width: 2560px) 100vw, 2560px\" \/><\/figure>\n\n\n\n<figure class=\"wp-block-image size-large\"><img loading=\"lazy\" decoding=\"async\" width=\"2560\" height=\"1151\" data-id=\"129\" src=\"https:\/\/www.jt-krankenhausplanung.de\/wp-content\/uploads\/2022\/03\/20210628_131213-scaled.jpg\" alt=\"\" class=\"wp-image-129\" srcset=\"https:\/\/www.jt-krankenhausplanung.de\/wp-content\/uploads\/2022\/03\/20210628_131213-scaled.jpg 2560w, https:\/\/www.jt-krankenhausplanung.de\/wp-content\/uploads\/2022\/03\/20210628_131213-300x135.jpg 300w, https:\/\/www.jt-krankenhausplanung.de\/wp-content\/uploads\/2022\/03\/20210628_131213-1024x461.jpg 1024w, https:\/\/www.jt-krankenhausplanung.de\/wp-content\/uploads\/2022\/03\/20210628_131213-768x345.jpg 768w, https:\/\/www.jt-krankenhausplanung.de\/wp-content\/uploads\/2022\/03\/20210628_131213-1536x691.jpg 1536w, https:\/\/www.jt-krankenhausplanung.de\/wp-content\/uploads\/2022\/03\/20210628_131213-2048x921.jpg 2048w, https:\/\/www.jt-krankenhausplanung.de\/wp-content\/uploads\/2022\/03\/20210628_131213-1568x705.jpg 1568w\" sizes=\"auto, (max-width: 2560px) 100vw, 2560px\" \/><\/figure>\n\n\n\n<figure class=\"wp-block-image size-large\"><img loading=\"lazy\" decoding=\"async\" width=\"2560\" height=\"1151\" data-id=\"130\" src=\"https:\/\/www.jt-krankenhausplanung.de\/wp-content\/uploads\/2022\/03\/20211221_141806-scaled.jpg\" alt=\"\" class=\"wp-image-130\" srcset=\"https:\/\/www.jt-krankenhausplanung.de\/wp-content\/uploads\/2022\/03\/20211221_141806-scaled.jpg 2560w, https:\/\/www.jt-krankenhausplanung.de\/wp-content\/uploads\/2022\/03\/20211221_141806-300x135.jpg 300w, https:\/\/www.jt-krankenhausplanung.de\/wp-content\/uploads\/2022\/03\/20211221_141806-1024x461.jpg 1024w, https:\/\/www.jt-krankenhausplanung.de\/wp-content\/uploads\/2022\/03\/20211221_141806-768x345.jpg 768w, https:\/\/www.jt-krankenhausplanung.de\/wp-content\/uploads\/2022\/03\/20211221_141806-1536x691.jpg 1536w, https:\/\/www.jt-krankenhausplanung.de\/wp-content\/uploads\/2022\/03\/20211221_141806-2048x921.jpg 2048w, https:\/\/www.jt-krankenhausplanung.de\/wp-content\/uploads\/2022\/03\/20211221_141806-1568x705.jpg 1568w\" sizes=\"auto, (max-width: 2560px) 100vw, 2560px\" \/><\/figure>\n\n\n\n<figure class=\"wp-block-image size-large\"><img loading=\"lazy\" decoding=\"async\" width=\"1968\" height=\"1232\" data-id=\"131\" src=\"https:\/\/www.jt-krankenhausplanung.de\/wp-content\/uploads\/2022\/03\/20160407_101002-rotated.jpg\" alt=\"\" class=\"wp-image-131\" srcset=\"https:\/\/www.jt-krankenhausplanung.de\/wp-content\/uploads\/2022\/03\/20160407_101002-rotated.jpg 1968w, https:\/\/www.jt-krankenhausplanung.de\/wp-content\/uploads\/2022\/03\/20160407_101002-300x188.jpg 300w, https:\/\/www.jt-krankenhausplanung.de\/wp-content\/uploads\/2022\/03\/20160407_101002-1024x641.jpg 1024w, https:\/\/www.jt-krankenhausplanung.de\/wp-content\/uploads\/2022\/03\/20160407_101002-768x481.jpg 768w, https:\/\/www.jt-krankenhausplanung.de\/wp-content\/uploads\/2022\/03\/20160407_101002-1536x962.jpg 1536w, https:\/\/www.jt-krankenhausplanung.de\/wp-content\/uploads\/2022\/03\/20160407_101002-1568x982.jpg 1568w\" sizes=\"auto, (max-width: 1968px) 100vw, 1968px\" \/><\/figure>\n\n\n\n<figure class=\"wp-block-image size-large\"><img loading=\"lazy\" decoding=\"async\" width=\"1536\" height=\"1248\" data-id=\"132\" src=\"https:\/\/www.jt-krankenhausplanung.de\/wp-content\/uploads\/2022\/03\/20160407_100145-rotated.jpg\" alt=\"\" class=\"wp-image-132\" srcset=\"https:\/\/www.jt-krankenhausplanung.de\/wp-content\/uploads\/2022\/03\/20160407_100145-rotated.jpg 1536w, https:\/\/www.jt-krankenhausplanung.de\/wp-content\/uploads\/2022\/03\/20160407_100145-300x244.jpg 300w, https:\/\/www.jt-krankenhausplanung.de\/wp-content\/uploads\/2022\/03\/20160407_100145-1024x832.jpg 1024w, https:\/\/www.jt-krankenhausplanung.de\/wp-content\/uploads\/2022\/03\/20160407_100145-768x624.jpg 768w\" sizes=\"auto, (max-width: 1536px) 100vw, 1536px\" \/><\/figure>\n<\/figure>\n","protected":false},"excerpt":{"rendered":"<p>Herzlich Willkommen auf der Internetseite der JTKP &#8211; Dipl.-Ing. J\u00fcrgen Thieme, Ihrem B\u00fcro f\u00fcr alle Fragen rund um die Einrichtungsplanung im Gesundheitswesen sowie der Fachplanung f\u00fcr Medizin- und Labortechnik. Wir sind ein ingenieur-gef\u00fchrtes B\u00fcro, das sich auf die spezifischen Fragestellungen der Einirichtungsplanung rund um das Gesundheitswesen spezialisiert hat. Wir betreuen alle Fachbereiche innerhalb der Gesundheitsversorgung [&hellip;]<\/p>\n","protected":false},"author":1,"featured_media":0,"parent":0,"menu_order":0,"comment_status":"closed","ping_status":"closed","template":"","meta":{"footnotes":""},"class_list":["post-15","page","type-page","status-publish","hentry"],"_links":{"self":[{"href":"https:\/\/www.jt-krankenhausplanung.de\/index.php?rest_route=\/wp\/v2\/pages\/15","targetHints":{"allow":["GET"]}}],"collection":[{"href":"https:\/\/www.jt-krankenhausplanung.de\/index.php?rest_route=\/wp\/v2\/pages"}],"about":[{"href":"https:\/\/www.jt-krankenhausplanung.de\/index.php?rest_route=\/wp\/v2\/types\/page"}],"author":[{"embeddable":true,"href":"https:\/\/www.jt-krankenhausplanung.de\/index.php?rest_route=\/wp\/v2\/users\/1"}],"replies":[{"embeddable":true,"href":"https:\/\/www.jt-krankenhausplanung.de\/index.php?rest_route=%2Fwp%2Fv2%2Fcomments&post=15"}],"version-history":[{"count":11,"href":"https:\/\/www.jt-krankenhausplanung.de\/index.php?rest_route=\/wp\/v2\/pages\/15\/revisions"}],"predecessor-version":[{"id":208,"href":"https:\/\/www.jt-krankenhausplanung.de\/index.php?rest_route=\/wp\/v2\/pages\/15\/revisions\/208"}],"wp:attachment":[{"href":"https:\/\/www.jt-krankenhausplanung.de\/index.php?rest_route=%2Fwp%2Fv2%2Fmedia&parent=15"}],"curies":[{"name":"wp","href":"https:\/\/api.w.org\/{rel}","templated":true}]}}