{"id":16,"date":"2021-08-23T15:59:44","date_gmt":"2021-08-23T13:59:44","guid":{"rendered":"https:\/\/www.jt-krankenhausplanung.de\/?page_id=16"},"modified":"2023-01-04T14:07:40","modified_gmt":"2023-01-04T13:07:40","slug":"bueroprofil","status":"publish","type":"page","link":"https:\/\/www.jt-krankenhausplanung.de\/?page_id=16","title":{"rendered":"B\u00fcroprofil"},"content":{"rendered":"\n<p class=\"has-text-align-center has-medium-font-size\">Die JT-Krankenhausplanung ist ein Ingenieur-gef\u00fchrtes Planungsb\u00fcro mit der Spezialisierung auf Projekte im Gesundheitswesen. Die Umsetzung der Planung der Medizin- und Labortechnik als Einrichtungs- und Ausstattungsplanung im Sinne HOAI umfasst sowohl das Leistungsbild der raumbildenden Ausbauten, als auch das der Technischen Ausr\u00fcstung in der Anlagengruppe 7 und ist unter dem Begriff der Medizin- und Labortechnikplanung in der VOF angesiedelt.<\/p>\n\n\n\n<hr class=\"wp-block-separator has-css-opacity is-style-dots\"\/>\n\n\n\n<p class=\"has-text-align-center has-medium-font-size\">Die JT-Krankenhausplanung erbringt dabei grundlegende Beratungsleistungen in den Bereichen der Raum- und Funktionsprogramme sowie der Erstellung von Betriebs- und Wartungskonzepten. Die Betreuung umfasst dabei, bei Neubau und&nbsp; Sanierungsma\u00dfnahmen, alle Leistungen der Leistungsphasen 1 bis 9 in Anlehnung an die HOAI.<\/p>\n\n\n<div class=\"wp-block-image\">\n<figure class=\"aligncenter size-full is-resized\"><img loading=\"lazy\" decoding=\"async\" src=\"https:\/\/www.jt-krankenhausplanung.de\/wp-content\/uploads\/2021\/08\/ABW-LZB-ATS-Bettenzimmer_990px355.jpg\" alt=\"\" class=\"wp-image-51\" width=\"743\" height=\"265\" srcset=\"https:\/\/www.jt-krankenhausplanung.de\/wp-content\/uploads\/2021\/08\/ABW-LZB-ATS-Bettenzimmer_990px355.jpg 990w, https:\/\/www.jt-krankenhausplanung.de\/wp-content\/uploads\/2021\/08\/ABW-LZB-ATS-Bettenzimmer_990px355-300x107.jpg 300w, https:\/\/www.jt-krankenhausplanung.de\/wp-content\/uploads\/2021\/08\/ABW-LZB-ATS-Bettenzimmer_990px355-768x274.jpg 768w\" sizes=\"auto, (max-width: 743px) 100vw, 743px\" \/><figcaption class=\"wp-element-caption\">M\u00f6blierung Patientenzimmer der Intesiv-Versorgung mit Patiententeil und Vorhaltung med. Verbrauchsartikel<\/figcaption><\/figure>\n<\/div>\n\n\n<p class=\"has-text-align-center has-medium-font-size\">Die Aufgabenstellung der Medizintechnik umfasst alle Bereiche des Gesundheitswesens und reicht von der Arztpraxis bis hin zu Universit\u00e4tskliniken. Dabei werden sowohl das bewegliche medizin-technische Equipment mit Ger\u00e4ten wie auch Gro\u00dfger\u00e4te der Radiologie, Nuklearmedizin und der Strahlentherapie umfassend betreut. Durch die zunehmende Vernetzung von Medizin-Produkten und der EDV-Dokumentation dehnt sich das Leistungsbild auch auf die funktionale Beratung von EDV-Programmen zur medizinischen Nutzung und Speicherung von Bild- und Videodaten (KIS, RIS, PACS) ab.<\/p>\n\n\n<div class=\"wp-block-image\">\n<figure class=\"aligncenter size-full is-resized\"><img loading=\"lazy\" decoding=\"async\" src=\"https:\/\/www.jt-krankenhausplanung.de\/wp-content\/uploads\/2021\/08\/SJK_Storz_Bildreihe_990px409.jpg\" alt=\"\" class=\"wp-image-52\" width=\"743\" height=\"307\" srcset=\"https:\/\/www.jt-krankenhausplanung.de\/wp-content\/uploads\/2021\/08\/SJK_Storz_Bildreihe_990px409.jpg 990w, https:\/\/www.jt-krankenhausplanung.de\/wp-content\/uploads\/2021\/08\/SJK_Storz_Bildreihe_990px409-300x124.jpg 300w, https:\/\/www.jt-krankenhausplanung.de\/wp-content\/uploads\/2021\/08\/SJK_Storz_Bildreihe_990px409-768x317.jpg 768w\" sizes=\"auto, (max-width: 743px) 100vw, 743px\" \/><figcaption class=\"wp-element-caption\">Technikeinheit zur zentralen Anordnung der Videovernetzung der OP-S\u00e4le mit Harting-Stecker in den OP-S\u00e4len zur universellen Nutzung<\/figcaption><\/figure>\n<\/div>\n\n\n<p class=\"has-text-align-center has-medium-font-size\">Mit der Einf\u00fchrung der DIN 80001 erfolgte eine weitere Verzahnung mit der EDV-Infrastruktur und begr\u00fcndet die umfassende Risikoanalyse vernetzter Systeme und Anordnung von medizinischen Einheiten im Krankenhaus. Die Vorgaben der DIN 80001 sicherzustellen und den Anforderungen der Risikoanalyse gerecht zu werden, ist unsere Aufgabe.<\/p>\n\n\n<div class=\"wp-block-image\">\n<figure class=\"aligncenter size-full is-resized\"><img loading=\"lazy\" decoding=\"async\" src=\"https:\/\/www.jt-krankenhausplanung.de\/wp-content\/uploads\/2021\/08\/SJK-OP-Saal_990px409.jpg\" alt=\"\" class=\"wp-image-53\" width=\"743\" height=\"307\" srcset=\"https:\/\/www.jt-krankenhausplanung.de\/wp-content\/uploads\/2021\/08\/SJK-OP-Saal_990px409.jpg 990w, https:\/\/www.jt-krankenhausplanung.de\/wp-content\/uploads\/2021\/08\/SJK-OP-Saal_990px409-300x124.jpg 300w, https:\/\/www.jt-krankenhausplanung.de\/wp-content\/uploads\/2021\/08\/SJK-OP-Saal_990px409-768x317.jpg 768w\" sizes=\"auto, (max-width: 743px) 100vw, 743px\" \/><figcaption class=\"wp-element-caption\">OP-Sall mit integrierter Video-Vernetzung zur ergonmischen Bildanzeige im OP-Feld und Bedieneinheit f\u00fcr die Auswahl der Bildquellen und Archivierungsfunktionen mittels Touch-Display<\/figcaption><\/figure>\n<\/div>\n\n\n<p class=\"has-text-align-center has-medium-font-size\">Der Bereich der Laborplanung bezieht sich auf die Betreuung von Projekten im Bereich der Pharmazie und der Forschung sowie klassischen Dienstleistungslaboren f\u00fcr die Diagnostik.<\/p>\n\n\n\n<hr class=\"wp-block-separator has-css-opacity is-style-dots\"\/>\n\n\n\n<p class=\"has-text-align-center has-medium-font-size\">Die JT-Krankenhausplanung betreut in diesem Segment ebenfalls Projekte innerhalb von Herstellungs-Apotheken insbesondere in Bereichen der Zytostatika-Herstellung und Reinr\u00e4umen f\u00fcr die Herstellung von parenteraler Ern\u00e4hrung. <\/p>\n\n\n\n<p class=\"has-text-align-center has-medium-font-size\">Neben den dem Gesundheitswesen angegliederten Aufgaben befasst sich die JT-Krankenhausplanung auch mit reinen Laborprojekten im Bereich der Forschung, wobei hier die Grenze zwischen der Labor- und Werkstattplanung, teils flie\u00dfend ist und die Besonderheit der Aufgabenstellung ausmachen.<\/p>\n\n\n<div class=\"wp-block-image\">\n<figure class=\"aligncenter size-large is-resized\"><img loading=\"lazy\" decoding=\"async\" src=\"https:\/\/www.jt-krankenhausplanung.de\/wp-content\/uploads\/2022\/03\/20220215_113834-1024x461.jpg\" alt=\"\" class=\"wp-image-125\" width=\"768\" height=\"346\" srcset=\"https:\/\/www.jt-krankenhausplanung.de\/wp-content\/uploads\/2022\/03\/20220215_113834-1024x461.jpg 1024w, https:\/\/www.jt-krankenhausplanung.de\/wp-content\/uploads\/2022\/03\/20220215_113834-300x135.jpg 300w, https:\/\/www.jt-krankenhausplanung.de\/wp-content\/uploads\/2022\/03\/20220215_113834-768x346.jpg 768w, https:\/\/www.jt-krankenhausplanung.de\/wp-content\/uploads\/2022\/03\/20220215_113834-1536x691.jpg 1536w, https:\/\/www.jt-krankenhausplanung.de\/wp-content\/uploads\/2022\/03\/20220215_113834-2048x922.jpg 2048w, https:\/\/www.jt-krankenhausplanung.de\/wp-content\/uploads\/2022\/03\/20220215_113834-1568x706.jpg 1568w\" sizes=\"auto, (max-width: 768px) 100vw, 768px\" \/><figcaption class=\"wp-element-caption\">Packtischeinheit f\u00fcr die Zentralsterilisation mit drei h\u00f6henverstellbaren Packtischen sowie einem Einschwei\u00dfplatz f\u00fcr Einmal-Verpackungen<\/figcaption><\/figure>\n<\/div>\n\n\n<p class=\"has-text-align-center has-medium-font-size\">Neben den medizin-technischen Fragestellungen, beginnend mit der Beurteilung der Tragf\u00e4higkeit und Wirtschaftlichkeit der Anschaffung und des Betriebes und der Lebenszyklusberatung in Wartung und Instandhaltung, plant und projektiert die<br>JT-Krankenhausplanung die Dienstleistungsbereiche der Zentralsterilisation und der W\u00e4scherei im Gesundheitswesen.<\/p>\n\n\n<div class=\"wp-block-image\">\n<figure class=\"aligncenter size-full is-resized\"><img loading=\"lazy\" decoding=\"async\" src=\"https:\/\/www.jt-krankenhausplanung.de\/wp-content\/uploads\/2021\/08\/TUB-II-Labormoebel_990px409.jpg\" alt=\"\" class=\"wp-image-54\" width=\"743\" height=\"330\" srcset=\"https:\/\/www.jt-krankenhausplanung.de\/wp-content\/uploads\/2021\/08\/TUB-II-Labormoebel_990px409.jpg 990w, https:\/\/www.jt-krankenhausplanung.de\/wp-content\/uploads\/2021\/08\/TUB-II-Labormoebel_990px409-300x133.jpg 300w, https:\/\/www.jt-krankenhausplanung.de\/wp-content\/uploads\/2021\/08\/TUB-II-Labormoebel_990px409-768x341.jpg 768w\" sizes=\"auto, (max-width: 743px) 100vw, 743px\" \/><figcaption class=\"wp-element-caption\">Laboreinrichtung mit Abzug und integrierter Medienversorgung<\/figcaption><\/figure>\n<\/div>\n\n\n<p class=\"has-text-align-center has-medium-font-size\">Die Bedarfsermittlung aufgrund der medizinischen Fallzahlen in der Analyse und Auswertung der notwendigen Ressourcen der Sterilgut-Aufbereitung und Bereitstellung geh\u00f6ren dabei ebenso zum Aufgabenbereich wie die Begleitung von Inbetriebnahmen nach erfolgter baulicher Fertigstellung.<\/p>\n\n\n\n<hr class=\"wp-block-separator has-css-opacity is-style-dots\"\/>\n\n\n\n<p class=\"has-text-align-center has-medium-font-size\">Die JT-Krankenhausplanung basiert auf einem Projektteam, das \u00fcber eine jahrelange Projekterfahrung verf\u00fcgt und eine ganzheitliche Betreuung \u00fcber die gesamte Projektdauer hinaus sicherstellt. Der Projektleiter als zentraler Ansprechpartner wird dabei durch die Projektassistenz unterst\u00fctzt, die zudem die Leistung des Plan-Managements abdeckt und so stets eng in das Projekt eingebunden ist.<\/p>\n\n\n\n<hr class=\"wp-block-separator has-css-opacity is-style-dots\"\/>\n\n\n\n<p><\/p>\n","protected":false},"excerpt":{"rendered":"<p>Die JT-Krankenhausplanung ist ein Ingenieur-gef\u00fchrtes Planungsb\u00fcro mit der Spezialisierung auf Projekte im Gesundheitswesen. Die Umsetzung der Planung der Medizin- und Labortechnik als Einrichtungs- und Ausstattungsplanung im Sinne HOAI umfasst sowohl das Leistungsbild der raumbildenden Ausbauten, als auch das der Technischen Ausr\u00fcstung in der Anlagengruppe 7 und ist unter dem Begriff der Medizin- und Labortechnikplanung in [&hellip;]<\/p>\n","protected":false},"author":1,"featured_media":0,"parent":0,"menu_order":0,"comment_status":"closed","ping_status":"closed","template":"","meta":{"footnotes":""},"class_list":["post-16","page","type-page","status-publish","hentry"],"_links":{"self":[{"href":"https:\/\/www.jt-krankenhausplanung.de\/index.php?rest_route=\/wp\/v2\/pages\/16","targetHints":{"allow":["GET"]}}],"collection":[{"href":"https:\/\/www.jt-krankenhausplanung.de\/index.php?rest_route=\/wp\/v2\/pages"}],"about":[{"href":"https:\/\/www.jt-krankenhausplanung.de\/index.php?rest_route=\/wp\/v2\/types\/page"}],"author":[{"embeddable":true,"href":"https:\/\/www.jt-krankenhausplanung.de\/index.php?rest_route=\/wp\/v2\/users\/1"}],"replies":[{"embeddable":true,"href":"https:\/\/www.jt-krankenhausplanung.de\/index.php?rest_route=%2Fwp%2Fv2%2Fcomments&post=16"}],"version-history":[{"count":9,"href":"https:\/\/www.jt-krankenhausplanung.de\/index.php?rest_route=\/wp\/v2\/pages\/16\/revisions"}],"predecessor-version":[{"id":185,"href":"https:\/\/www.jt-krankenhausplanung.de\/index.php?rest_route=\/wp\/v2\/pages\/16\/revisions\/185"}],"wp:attachment":[{"href":"https:\/\/www.jt-krankenhausplanung.de\/index.php?rest_route=%2Fwp%2Fv2%2Fmedia&parent=16"}],"curies":[{"name":"wp","href":"https:\/\/api.w.org\/{rel}","templated":true}]}}