{"id":2,"date":"2021-08-23T15:38:08","date_gmt":"2021-08-23T13:38:08","guid":{"rendered":"https:\/\/www.jt-krankenhausplanung.de\/?page_id=2"},"modified":"2026-01-28T20:07:16","modified_gmt":"2026-01-28T19:07:16","slug":"referenzen","status":"publish","type":"page","link":"https:\/\/www.jt-krankenhausplanung.de\/?page_id=2","title":{"rendered":"Referenzen"},"content":{"rendered":"\n<p class=\"has-text-align-center\">Wir m\u00f6chten ihnen hier einen kurzen Eindruck der Ergebnisse unserer Arbeitsweise \u00fcbermitteln. Wir sind aktuell zu 90% im Auftrag von Krankenhaustr\u00e4gern sowie deren Beauftragten Bau- und Projektabteilungen t\u00e4tig.<\/p>\n\n\n\n<figure class=\"wp-block-pullquote\"><blockquote><p>JTKP wird Teil des Projektteams f\u00fcr den Forschungsneubau der BAM am Gro\u00dfberliner Damm in Berlin-Adlershof und mit der Einrichtungsplanung f\u00fcr die Werkstatt- und Laborbereiche betraut.<\/p><cite><a href=\"https:\/\/bundesbau.de\/projekte\/neubau-in-integrierter-projektabwicklung-ipa-in-berlin#c2764\">https:\/\/bundesbau.de\/projekte\/neubau-in-integrierter-projektabwicklung-ipa-in-berlin#c2764<\/a><\/cite><\/blockquote><\/figure>\n\n\n\n<p class=\"has-text-align-center\">Zu unseren Auftraggebern z\u00e4hlen die gro\u00dfen Krankenhaustr\u00e4ger Vivantes, Alexianer, Asklepios und die Johannesstift Diakonie bzw. auch die GMSH und die BIM, die im Rahmen ihrer Aufgaben die Bauherrenpflichten wahrnehmen.<\/p>\n\n\n\n<figure class=\"wp-block-image size-full\"><img loading=\"lazy\" decoding=\"async\" width=\"1011\" height=\"634\" src=\"https:\/\/www.jt-krankenhausplanung.de\/wp-content\/uploads\/2021\/11\/grafik.png\" alt=\"\" class=\"wp-image-90\" srcset=\"https:\/\/www.jt-krankenhausplanung.de\/wp-content\/uploads\/2021\/11\/grafik.png 1011w, https:\/\/www.jt-krankenhausplanung.de\/wp-content\/uploads\/2021\/11\/grafik-300x188.png 300w, https:\/\/www.jt-krankenhausplanung.de\/wp-content\/uploads\/2021\/11\/grafik-768x482.png 768w\" sizes=\"auto, (max-width: 1011px) 100vw, 1011px\" \/><figcaption class=\"wp-element-caption\">Vivantes Klinikum Spandau &#8211; Erweiterung der OP-Abteilung<\/figcaption><\/figure>\n\n\n\n<figure class=\"wp-block-image size-full\"><img loading=\"lazy\" decoding=\"async\" width=\"1011\" height=\"626\" src=\"https:\/\/www.jt-krankenhausplanung.de\/wp-content\/uploads\/2021\/11\/grafik-1.png\" alt=\"\" class=\"wp-image-91\" srcset=\"https:\/\/www.jt-krankenhausplanung.de\/wp-content\/uploads\/2021\/11\/grafik-1.png 1011w, https:\/\/www.jt-krankenhausplanung.de\/wp-content\/uploads\/2021\/11\/grafik-1-300x186.png 300w, https:\/\/www.jt-krankenhausplanung.de\/wp-content\/uploads\/2021\/11\/grafik-1-768x476.png 768w\" sizes=\"auto, (max-width: 1011px) 100vw, 1011px\" \/><figcaption class=\"wp-element-caption\">Klinikum Karlsburg &#8211; Amputations-OP am DIK<\/figcaption><\/figure>\n\n\n\n<figure class=\"wp-block-image size-full\"><img loading=\"lazy\" decoding=\"async\" width=\"1011\" height=\"633\" src=\"https:\/\/www.jt-krankenhausplanung.de\/wp-content\/uploads\/2021\/11\/grafik-2.png\" alt=\"\" class=\"wp-image-92\" srcset=\"https:\/\/www.jt-krankenhausplanung.de\/wp-content\/uploads\/2021\/11\/grafik-2.png 1011w, https:\/\/www.jt-krankenhausplanung.de\/wp-content\/uploads\/2021\/11\/grafik-2-300x188.png 300w, https:\/\/www.jt-krankenhausplanung.de\/wp-content\/uploads\/2021\/11\/grafik-2-768x481.png 768w\" sizes=\"auto, (max-width: 1011px) 100vw, 1011px\" \/><figcaption class=\"wp-element-caption\">Franziskus-Krankenhaus  Zentrale Notaufnahme<\/figcaption><\/figure>\n\n\n\n<figure class=\"wp-block-image size-full\"><img loading=\"lazy\" decoding=\"async\" width=\"1018\" height=\"627\" src=\"https:\/\/www.jt-krankenhausplanung.de\/wp-content\/uploads\/2021\/11\/grafik-3.png\" alt=\"\" class=\"wp-image-93\" srcset=\"https:\/\/www.jt-krankenhausplanung.de\/wp-content\/uploads\/2021\/11\/grafik-3.png 1018w, https:\/\/www.jt-krankenhausplanung.de\/wp-content\/uploads\/2021\/11\/grafik-3-300x185.png 300w, https:\/\/www.jt-krankenhausplanung.de\/wp-content\/uploads\/2021\/11\/grafik-3-768x473.png 768w\" sizes=\"auto, (max-width: 1018px) 100vw, 1018px\" \/><figcaption class=\"wp-element-caption\">Ev. Elisabeth-Krankenhaus &#8211; OP-Erweiterung<\/figcaption><\/figure>\n\n\n\n<figure class=\"wp-block-image size-full\"><img loading=\"lazy\" decoding=\"async\" width=\"1017\" height=\"624\" src=\"https:\/\/www.jt-krankenhausplanung.de\/wp-content\/uploads\/2021\/11\/grafik-4.png\" alt=\"\" class=\"wp-image-94\" srcset=\"https:\/\/www.jt-krankenhausplanung.de\/wp-content\/uploads\/2021\/11\/grafik-4.png 1017w, https:\/\/www.jt-krankenhausplanung.de\/wp-content\/uploads\/2021\/11\/grafik-4-300x184.png 300w, https:\/\/www.jt-krankenhausplanung.de\/wp-content\/uploads\/2021\/11\/grafik-4-768x471.png 768w\" sizes=\"auto, (max-width: 1017px) 100vw, 1017px\" \/><figcaption class=\"wp-element-caption\">vor 2013 &#8211; als Projektleiter &#8211; Neubau 2. BA Funktionsgeb\u00e4ude<\/figcaption><\/figure>\n\n\n\n<figure class=\"wp-block-image size-full\"><img loading=\"lazy\" decoding=\"async\" width=\"1003\" height=\"578\" src=\"https:\/\/www.jt-krankenhausplanung.de\/wp-content\/uploads\/2021\/11\/grafik-5.png\" alt=\"\" class=\"wp-image-95\" srcset=\"https:\/\/www.jt-krankenhausplanung.de\/wp-content\/uploads\/2021\/11\/grafik-5.png 1003w, https:\/\/www.jt-krankenhausplanung.de\/wp-content\/uploads\/2021\/11\/grafik-5-300x173.png 300w, https:\/\/www.jt-krankenhausplanung.de\/wp-content\/uploads\/2021\/11\/grafik-5-768x443.png 768w\" sizes=\"auto, (max-width: 1003px) 100vw, 1003px\" \/><figcaption class=\"wp-element-caption\">Martin-Luther-Krankenhaus &#8211; Sanierung der OP-Abteilung<\/figcaption><\/figure>\n\n\n\n<p><\/p>\n","protected":false},"excerpt":{"rendered":"<p>Wir m\u00f6chten ihnen hier einen kurzen Eindruck der Ergebnisse unserer Arbeitsweise \u00fcbermitteln. Wir sind aktuell zu 90% im Auftrag von Krankenhaustr\u00e4gern sowie deren Beauftragten Bau- und Projektabteilungen t\u00e4tig. JTKP wird Teil des Projektteams f\u00fcr den Forschungsneubau der BAM am Gro\u00dfberliner Damm in Berlin-Adlershof und mit der Einrichtungsplanung f\u00fcr die Werkstatt- und Laborbereiche betraut. https:\/\/bundesbau.de\/projekte\/neubau-in-integrierter-projektabwicklung-ipa-in-berlin#c2764 Zu [&hellip;]<\/p>\n","protected":false},"author":1,"featured_media":0,"parent":0,"menu_order":0,"comment_status":"closed","ping_status":"closed","template":"","meta":{"footnotes":""},"class_list":["post-2","page","type-page","status-publish","hentry"],"_links":{"self":[{"href":"https:\/\/www.jt-krankenhausplanung.de\/index.php?rest_route=\/wp\/v2\/pages\/2","targetHints":{"allow":["GET"]}}],"collection":[{"href":"https:\/\/www.jt-krankenhausplanung.de\/index.php?rest_route=\/wp\/v2\/pages"}],"about":[{"href":"https:\/\/www.jt-krankenhausplanung.de\/index.php?rest_route=\/wp\/v2\/types\/page"}],"author":[{"embeddable":true,"href":"https:\/\/www.jt-krankenhausplanung.de\/index.php?rest_route=\/wp\/v2\/users\/1"}],"replies":[{"embeddable":true,"href":"https:\/\/www.jt-krankenhausplanung.de\/index.php?rest_route=%2Fwp%2Fv2%2Fcomments&post=2"}],"version-history":[{"count":11,"href":"https:\/\/www.jt-krankenhausplanung.de\/index.php?rest_route=\/wp\/v2\/pages\/2\/revisions"}],"predecessor-version":[{"id":218,"href":"https:\/\/www.jt-krankenhausplanung.de\/index.php?rest_route=\/wp\/v2\/pages\/2\/revisions\/218"}],"wp:attachment":[{"href":"https:\/\/www.jt-krankenhausplanung.de\/index.php?rest_route=%2Fwp%2Fv2%2Fmedia&parent=2"}],"curies":[{"name":"wp","href":"https:\/\/api.w.org\/{rel}","templated":true}]}}