{"id":33,"date":"2021-08-23T16:04:35","date_gmt":"2021-08-23T14:04:35","guid":{"rendered":"https:\/\/www.jt-krankenhausplanung.de\/?page_id=33"},"modified":"2022-03-04T15:23:32","modified_gmt":"2022-03-04T14:23:32","slug":"kontakt","status":"publish","type":"page","link":"https:\/\/www.jt-krankenhausplanung.de\/?page_id=33","title":{"rendered":"Kontakt"},"content":{"rendered":"\n<p><strong>JTKP &#8211; Dipl.-Ing. J\u00fcrgen Thieme<\/strong><\/p>\n\n\n\n<p>B\u00fcro f\u00fcr Krankenhausplanung, Medizin- und Labortechnik<\/p>\n\n\n\n<p>Am Waldesrand 6, 16348 Wandlitz<\/p>\n\n\n\n<p>Tel.: +49 33397 469 142 oder +49 157 74448415<\/p>\n\n\n\n<p>B\u00fcro Berlin: +49 30 7202 1584<\/p>\n\n\n\n<p>E-Mail: info@jt-krankenhausplanung.de<\/p>\n\n\n\n<p>Steuer-Nr.: 065 \/ 281 \/ 01095 &#8211; Finanzamt Eberswalde<\/p>\n\n\n\n<p class=\"has-text-align-center\"><strong>Versicherungsnachweis<\/strong><\/p>\n\n\n\n<p>Berufshaftpflichtversicherung f\u00fcr Ingenieure  bei der HDI Versicherung AG &#8211; Deckungssumme jeweils 3,0 Mio Euro<\/p>\n\n\n\n<p>Versicherungsschein-Nr.: GAF70-008947282\/6006<\/p>\n","protected":false},"excerpt":{"rendered":"<p>JTKP &#8211; Dipl.-Ing. J\u00fcrgen Thieme B\u00fcro f\u00fcr Krankenhausplanung, Medizin- und Labortechnik Am Waldesrand 6, 16348 Wandlitz Tel.: +49 33397 469 142 oder +49 157 74448415 B\u00fcro Berlin: +49 30 7202 1584 E-Mail: info@jt-krankenhausplanung.de Steuer-Nr.: 065 \/ 281 \/ 01095 &#8211; Finanzamt Eberswalde Versicherungsnachweis Berufshaftpflichtversicherung f\u00fcr Ingenieure bei der HDI Versicherung AG &#8211; Deckungssumme jeweils 3,0 [&hellip;]<\/p>\n","protected":false},"author":1,"featured_media":0,"parent":0,"menu_order":0,"comment_status":"closed","ping_status":"closed","template":"","meta":{"footnotes":""},"class_list":["post-33","page","type-page","status-publish","hentry"],"_links":{"self":[{"href":"https:\/\/www.jt-krankenhausplanung.de\/index.php?rest_route=\/wp\/v2\/pages\/33","targetHints":{"allow":["GET"]}}],"collection":[{"href":"https:\/\/www.jt-krankenhausplanung.de\/index.php?rest_route=\/wp\/v2\/pages"}],"about":[{"href":"https:\/\/www.jt-krankenhausplanung.de\/index.php?rest_route=\/wp\/v2\/types\/page"}],"author":[{"embeddable":true,"href":"https:\/\/www.jt-krankenhausplanung.de\/index.php?rest_route=\/wp\/v2\/users\/1"}],"replies":[{"embeddable":true,"href":"https:\/\/www.jt-krankenhausplanung.de\/index.php?rest_route=%2Fwp%2Fv2%2Fcomments&post=33"}],"version-history":[{"count":5,"href":"https:\/\/www.jt-krankenhausplanung.de\/index.php?rest_route=\/wp\/v2\/pages\/33\/revisions"}],"predecessor-version":[{"id":135,"href":"https:\/\/www.jt-krankenhausplanung.de\/index.php?rest_route=\/wp\/v2\/pages\/33\/revisions\/135"}],"wp:attachment":[{"href":"https:\/\/www.jt-krankenhausplanung.de\/index.php?rest_route=%2Fwp%2Fv2%2Fmedia&parent=33"}],"curies":[{"name":"wp","href":"https:\/\/api.w.org\/{rel}","templated":true}]}}